{"id":2122,"date":"2021-11-18T16:32:21","date_gmt":"2021-11-18T13:32:21","guid":{"rendered":"https:\/\/lietuvoszirgynas.lt\/nemuno-skyrius\/"},"modified":"2024-04-15T10:48:45","modified_gmt":"2024-04-15T07:48:45","slug":"nemunas-division","status":"publish","type":"page","link":"https:\/\/lietuvoszirgynas.lt\/en\/nemunas-division\/","title":{"rendered":"Nemunas Division"},"content":{"rendered":"<section class=\"l-section wpb_row height_medium with_img\"><div class=\"l-section-img\" role=\"img\" data-img-width=\"2560\" data-img-height=\"1696\" style=\"background-image: url(https:\/\/lietuvoszirgynas.lt\/wp-content\/uploads\/jacob-jolibois-_CZYN3UN544-unsplash-scaled.jpg);\"><\/div><div class=\"l-section-overlay\" style=\"background:linear-gradient(90deg,#ffffff,rgba(255,255,255,0.78466796875))\"><\/div><div class=\"l-section-h i-cf\"><div class=\"g-cols vc_row via_grid cols_1 laptops-cols_inherit tablets-cols_inherit mobiles-cols_1 valign_top type_default stacking_default\"><div class=\"wpb_column vc_column_container\"><div class=\"vc_column-inner\"><h2 class=\"w-post-elm post_title us_custom_312c0acf has_text_color entry-title color_link_inherit\">Nemunas Division<\/h2><\/div><\/div><\/div><\/div><\/section><section class=\"l-section wpb_row height_large with_img\"><div class=\"l-section-img\" role=\"img\" data-img-width=\"1900\" data-img-height=\"870\" style=\"background-image: url(https:\/\/lietuvoszirgynas.lt\/wp-content\/uploads\/pattern.jpg);\"><\/div><div class=\"l-section-h i-cf\"><div class=\"g-cols vc_row via_grid cols_2 laptops-cols_inherit tablets-cols_inherit mobiles-cols_1 valign_top type_default stacking_default\"><div class=\"wpb_column vc_column_container\"><div class=\"vc_column-inner\"><div class=\"w-image align_none\"><div class=\"w-image-h\"><img loading=\"lazy\" decoding=\"async\" width=\"1024\" height=\"684\" src=\"https:\/\/lietuvoszirgynas.lt\/wp-content\/uploads\/ALKC01907-05-396hhhhh-1024x684.jpg\" class=\"attachment-large size-large\" alt=\"\" srcset=\"https:\/\/lietuvoszirgynas.lt\/wp-content\/uploads\/ALKC01907-05-396hhhhh-1024x684.jpg 1024w, https:\/\/lietuvoszirgynas.lt\/wp-content\/uploads\/ALKC01907-05-396hhhhh-600x400.jpg 600w, https:\/\/lietuvoszirgynas.lt\/wp-content\/uploads\/ALKC01907-05-396hhhhh-300x200.jpg 300w\" sizes=\"auto, (max-width: 1024px) 100vw, 1024px\" \/><\/div><\/div><\/div><\/div><div class=\"wpb_column vc_column_container\"><div class=\"vc_column-inner\"><div class=\"wpb_text_column\"><div class=\"wpb_wrapper\"><p>Pag\u0117giai has always been famous for horse breeding. As early as the 13th and 15th centuries, semi-wild Lithuanian horses were bred with Thuringian, Dutch and Danish heavy horses. In 1732, the King of Prussia established the famous Trak\u0117nai stud farm, where Lithuanian and Prussian mares were crossed with thoroughbred riding horses, thus breeding the Trak\u0117nai breed.<\/p>\n<p>At the beginning of the 19th century, breeding horses began on the \u0160ilgali estate. The Pag\u0117giai meadows, flooded and overgrown with lush grass every year, were ideal for grazing and haying. In 1948, the first post-war stud farm was moved to \u0160ilgali and in 1945, on the initiative of enthusiasts, was established in Trepiai. In 1966-1967, the Trakehner breed of horses was returned to the Nemunas stud farm, and the zootechnicians working at the stud farm at that time paid great attention to preserving their purebred nature. A type of Trakehner breed characteristic only of the Nemunas Zirgynas was created, distinguished by its well-developed musculature, regular exterior and good alluring.<\/p>\n<p>Today, Nemunas \u017dirgynas is the largest division of Lietuvos \u017eirgynas in terms of the number of horses and the area of land. About 60 Lithuanian heavy horses and 360 Trakehner horses are bred on 734,3 hectares of land.<\/p>\n<p>The stud has four lines of Lithuanian heavy stallions and its main task is to preserve them. Thanks to the stud&#8217;s efforts, Sturskas&#8217; line has been restored, and currently his son, Zaislas, is the Lithuanian heavy stallion with the most offspring in Lithuania &#8211; 153! In 2008, the stallion \u017daislas won a gold medal at the Agrobalt show, and in 2012 he was awarded the best prize at the breeding horse show in Algirdi\u0161k\u0117s, Panev\u0117\u017eys district.<\/p>\n<p>&#8220;The herd of Trakens bred at Nemunas \u017dirgyns is the largest not only in Europe, but also in the world, and the Trakens bred at the stud are highly appreciated. At the 2006 International Championship in Poland, Nemunas \u017dirgynas&#8217; trakehns won 11 awards. We are very proud of Pilgrim, Ararat, Erudit, Whiskey, Hexter &#8211; these horses are winners and prize-winners of competitions every year, and they have won Agrobalt awards. In 2010, the stallion Pilgrim took part in the 100-day performance tests at the Starogard Stud in Gdansk, Poland, where he was evaluated according to the strict rules of the German Trakehner Union, and took first place and was awarded a breeding licence. And the achievements of our stallions bred in other countries are astonishing! Mister X, the offspring of the Trakehner stallion Aegeus, with Russian rider Inessa Merkulova, jumped from 71st to 17th place in the 2015 World Ranking of Fine Riding Horses. In 2014, the American-bred two-year-old stallion David was named the best dancing horse in the 2014 Trakehner Stallion Exterior and Performance Evaluation in Germany.<\/p>\n<p>This stud has trained many athletes and trainers who promote equestrian sport in the country. Every August, the &#8220;Nemunas \u017eirgyno cup&#8221; horse racing competitions and evaluations are held here, attracting not only duos from Lithuania Minor, but also from other regions of Lithuania and neighbouring countries.<\/p>\n<p>If you come here, you can get to know Lithuanian horse breeds, go for a ride, take a carriage ride along the Nemunas arches or admire the herds of horses grazing freely in the meadows.<\/p>\n<\/div><\/div><\/div><\/div><\/div><\/div><\/section>\n","protected":false},"excerpt":{"rendered":"Nemunas DivisionPag\u0117giai has always been famous for horse breeding. As early as the 13th and 15th centuries, semi-wild Lithuanian horses were bred with Thuringian, Dutch and Danish heavy horses. In 1732, the King of Prussia established the famous Trak\u0117nai stud farm, where Lithuanian and Prussian mares were crossed with thoroughbred riding horses, thus breeding the...","protected":false},"author":1,"featured_media":1622,"parent":0,"menu_order":0,"comment_status":"closed","ping_status":"closed","template":"","meta":{"footnotes":""},"class_list":["post-2122","page","type-page","status-publish","has-post-thumbnail","hentry"],"_links":{"self":[{"href":"https:\/\/lietuvoszirgynas.lt\/en\/wp-json\/wp\/v2\/pages\/2122","targetHints":{"allow":["GET"]}}],"collection":[{"href":"https:\/\/lietuvoszirgynas.lt\/en\/wp-json\/wp\/v2\/pages"}],"about":[{"href":"https:\/\/lietuvoszirgynas.lt\/en\/wp-json\/wp\/v2\/types\/page"}],"author":[{"embeddable":true,"href":"https:\/\/lietuvoszirgynas.lt\/en\/wp-json\/wp\/v2\/users\/1"}],"replies":[{"embeddable":true,"href":"https:\/\/lietuvoszirgynas.lt\/en\/wp-json\/wp\/v2\/comments?post=2122"}],"version-history":[{"count":1,"href":"https:\/\/lietuvoszirgynas.lt\/en\/wp-json\/wp\/v2\/pages\/2122\/revisions"}],"predecessor-version":[{"id":2187,"href":"https:\/\/lietuvoszirgynas.lt\/en\/wp-json\/wp\/v2\/pages\/2122\/revisions\/2187"}],"wp:featuredmedia":[{"embeddable":true,"href":"https:\/\/lietuvoszirgynas.lt\/en\/wp-json\/wp\/v2\/media\/1622"}],"wp:attachment":[{"href":"https:\/\/lietuvoszirgynas.lt\/en\/wp-json\/wp\/v2\/media?parent=2122"}],"curies":[{"name":"wp","href":"https:\/\/api.w.org\/{rel}","templated":true}]}}