{"id":2117,"date":"2021-11-18T16:32:13","date_gmt":"2021-11-18T13:32:13","guid":{"rendered":"https:\/\/lietuvoszirgynas.lt\/vilniaus-zirgynas\/"},"modified":"2024-04-17T20:32:05","modified_gmt":"2024-04-17T17:32:05","slug":"vilnius-stud-farm","status":"publish","type":"page","link":"https:\/\/lietuvoszirgynas.lt\/en\/vilnius-stud-farm\/","title":{"rendered":"Vilnius Stud Farm"},"content":{"rendered":"<section class=\"l-section wpb_row height_medium with_img\"><div class=\"l-section-img\" role=\"img\" data-img-width=\"2560\" data-img-height=\"1696\" style=\"background-image: url(https:\/\/lietuvoszirgynas.lt\/wp-content\/uploads\/jacob-jolibois-_CZYN3UN544-unsplash-scaled.jpg);\"><\/div><div class=\"l-section-overlay\" style=\"background:linear-gradient(90deg,#ffffff,rgba(255,255,255,0.78466796875))\"><\/div><div class=\"l-section-h i-cf\"><div class=\"g-cols vc_row via_grid cols_1 laptops-cols_inherit tablets-cols_inherit mobiles-cols_1 valign_top type_default stacking_default\"><div class=\"wpb_column vc_column_container\"><div class=\"vc_column-inner\"><h2 class=\"w-post-elm post_title us_custom_312c0acf has_text_color entry-title color_link_inherit\">Vilnius Stud Farm<\/h2><\/div><\/div><\/div><\/div><\/section><section class=\"l-section wpb_row height_large with_img\"><div class=\"l-section-img\" role=\"img\" data-img-width=\"1900\" data-img-height=\"870\" style=\"background-image: url(https:\/\/lietuvoszirgynas.lt\/wp-content\/uploads\/pattern.jpg);\"><\/div><div class=\"l-section-h i-cf\"><div class=\"g-cols vc_row via_grid cols_2 laptops-cols_inherit tablets-cols_inherit mobiles-cols_1 valign_top type_default stacking_default\"><div class=\"wpb_column vc_column_container\"><div class=\"vc_column-inner\"><div class=\"w-image align_none\"><div class=\"w-image-h\"><img loading=\"lazy\" decoding=\"async\" width=\"694\" height=\"507\" src=\"https:\/\/lietuvoszirgynas.lt\/wp-content\/uploads\/apie.png\" class=\"attachment-large size-large\" alt=\"\" srcset=\"https:\/\/lietuvoszirgynas.lt\/wp-content\/uploads\/apie.png 694w, https:\/\/lietuvoszirgynas.lt\/wp-content\/uploads\/apie-548x400.png 548w, https:\/\/lietuvoszirgynas.lt\/wp-content\/uploads\/apie-300x219.png 300w\" sizes=\"auto, (max-width: 694px) 100vw, 694px\" \/><\/div><\/div><\/div><\/div><div class=\"wpb_column vc_column_container\"><div class=\"vc_column-inner\"><div class=\"wpb_text_column\"><div class=\"wpb_wrapper\"><p>in 1949 &#8220;Vilniaus \u017dirgynas&#8221; was established near Vilnius. Today, this stud farm is one of the divisions of the Lietuvos \u017dirgynas company, where about 300 Zemaits, large Zemaits, Arabian, Trakehner horses, and Shetland ponies are bred. To preserve culture and traditions, about 270 Lithuanian horses are kept here.<\/p>\n<p>We are extremely proud of the horses of the \u017demaituk breed bred at &#8220;Vilniaus \u017dirgyne&#8221;. Our \u017demaituk stallions not only successfully appear in show jumping competitions of this breed of horses and ponies, but are also excellent breeders. Klarijonas, Kosmos, Kokos (high jump record holder who overcame the 155 cm obstacle), Tafunus (multiple prize winner in chariot driving), Toronto, Kompos, Turkis, etc. have won more than one victory. Perhaps older horse lovers still remember the large Zemaituk breed horse Ekspertas, who in 1965, 1966, and 1968 became the champion of Lithuania, was also a multiple winner and prize-winner of international competitions in show jumping, and since 1981 in honor of this horse, the &#8220;Expert Cup&#8221; competition is organized at &#8220;Vilnius Stud&#8221;.<\/p>\n<p>Trakehners bred in our stud farm with excellent athletic qualities are also valued. Grant, Komfort, Karat, Kent, Luit, and Gray &#8211; prize winners of various show jumping and races, who won many medals. in 2014 the stallion Gray was awarded a gold medal at the international agricultural exhibition &#8220;AgroBalt&#8221;.<\/p>\n<p>Horse breeders from Lithuania and abroad buy breeding and sports horses bred at &#8220;Vilnius Stud&#8221; due to their genetic and sporting characteristics. For example, the Belgian countess, who bought our bred Prizrak, widely announced the horse&#8217;s achievements to everyone, and a veterinarian and other accompanying persons came to take him away. Beautiful memories are also preserved of the stallion Vluosnis, who as a breeder is kept at the M. Ramanovskis stud farm, licensed for studding not only in Poland but also in Germany in the Trakehner Horse Association.<\/p>\n<p>&#8220;Vilniaus \u017dirgynas&#8221; has the largest indoor arena in the country, as well as a hippodrome, fields where horses are trained and international level competitions and races are held. The stud farm has stables for over 200 places, where horses of the stud farm and private individuals are kept, as well as the only stallion sperm storage center in Lithuania.<\/p>\n<p>Experienced and qualified trainers of the stable prepare horses for show jumping, teach horse riding, and instruct everyone who wants to ride and ride in sleds. Children are welcome in summer camps and groups, where they get to know the life of horses up close and learn to ride. In the valley of the Rie\u0161e stream, among the groves, everyone who wants can ride in an ancient mail and sports carriage, and organize a small celebration or a photo session.<\/p>\n<\/div><\/div><\/div><\/div><\/div><\/div><\/section>\n","protected":false},"excerpt":{"rendered":"Vilnius Stud Farmin 1949 &#8220;Vilniaus \u017dirgynas&#8221; was established near Vilnius. Today, this stud farm is one of the divisions of the Lietuvos \u017dirgynas company, where about 300 Zemaits, large Zemaits, Arabian, Trakehner horses, and Shetland ponies are bred. To preserve culture and traditions, about 270 Lithuanian horses are kept here. We are extremely proud of...","protected":false},"author":1,"featured_media":1593,"parent":0,"menu_order":0,"comment_status":"closed","ping_status":"closed","template":"","meta":{"footnotes":""},"class_list":["post-2117","page","type-page","status-publish","has-post-thumbnail","hentry"],"_links":{"self":[{"href":"https:\/\/lietuvoszirgynas.lt\/en\/wp-json\/wp\/v2\/pages\/2117","targetHints":{"allow":["GET"]}}],"collection":[{"href":"https:\/\/lietuvoszirgynas.lt\/en\/wp-json\/wp\/v2\/pages"}],"about":[{"href":"https:\/\/lietuvoszirgynas.lt\/en\/wp-json\/wp\/v2\/types\/page"}],"author":[{"embeddable":true,"href":"https:\/\/lietuvoszirgynas.lt\/en\/wp-json\/wp\/v2\/users\/1"}],"replies":[{"embeddable":true,"href":"https:\/\/lietuvoszirgynas.lt\/en\/wp-json\/wp\/v2\/comments?post=2117"}],"version-history":[{"count":4,"href":"https:\/\/lietuvoszirgynas.lt\/en\/wp-json\/wp\/v2\/pages\/2117\/revisions"}],"predecessor-version":[{"id":2267,"href":"https:\/\/lietuvoszirgynas.lt\/en\/wp-json\/wp\/v2\/pages\/2117\/revisions\/2267"}],"wp:featuredmedia":[{"embeddable":true,"href":"https:\/\/lietuvoszirgynas.lt\/en\/wp-json\/wp\/v2\/media\/1593"}],"wp:attachment":[{"href":"https:\/\/lietuvoszirgynas.lt\/en\/wp-json\/wp\/v2\/media?parent=2117"}],"curies":[{"name":"wp","href":"https:\/\/api.w.org\/{rel}","templated":true}]}}