{"id":2005,"date":"2021-11-18T18:03:50","date_gmt":"2021-11-18T15:03:50","guid":{"rendered":"https:\/\/lietuvoszirgynas.lt\/kontaktai\/"},"modified":"2024-04-17T19:40:58","modified_gmt":"2024-04-17T16:40:58","slug":"contacts","status":"publish","type":"page","link":"https:\/\/lietuvoszirgynas.lt\/en\/contacts\/","title":{"rendered":"Contacts"},"content":{"rendered":"<section class=\"l-section wpb_row height_medium with_img\"><div class=\"l-section-img\" role=\"img\" data-img-width=\"2560\" data-img-height=\"1696\" style=\"background-image: url(https:\/\/lietuvoszirgynas.lt\/wp-content\/uploads\/jacob-jolibois-_CZYN3UN544-unsplash-scaled.jpg);\"><\/div><div class=\"l-section-overlay\" style=\"background:linear-gradient(90deg,#ffffff,rgba(255,255,255,0.78466796875))\"><\/div><div class=\"l-section-h i-cf\"><div class=\"g-cols vc_row via_grid cols_1 laptops-cols_inherit tablets-cols_inherit mobiles-cols_1 valign_top type_default stacking_default\"><div class=\"wpb_column vc_column_container\"><div class=\"vc_column-inner\"><h2 class=\"w-post-elm post_title us_custom_312c0acf has_text_color entry-title color_link_inherit\">Contacts<\/h2><\/div><\/div><\/div><\/div><\/section><section class=\"l-section wpb_row height_medium\"><div class=\"l-section-h i-cf\"><div class=\"g-cols vc_row via_grid cols_2 laptops-cols_inherit tablets-cols_inherit mobiles-cols_1 valign_top type_default stacking_default\"><div class=\"wpb_column vc_column_container\"><div class=\"vc_column-inner\"><div class=\"wpb_text_column\"><div class=\"wpb_wrapper\"><h3>UAB &#8220;Lietuvos \u017eirgynas&#8221;<\/h3>\n<p>\u017dirg\u0173 g. 2, Riese k., 14265<br \/>\nVilnius r. sav., Lithuania<br \/>\nOpening hours of the administration:<br \/>\nMon-Thu: 8.00-17.00<br \/>\nFri: 8.00-15.45<br \/>\nClosed on Saturday and Sunday.<\/p>\n<p>Company information;<\/p>\n<p>Company code; 302795881<\/p>\n<p>VAT payable at. Code ; LT100006915819<\/p>\n<p>A\/s; LT454010049501216890<\/p>\n<p>AB Luminor bank<\/p>\n<\/div><\/div><div class=\"w-separator size_small\"><\/div><div class=\"w-iconbox us_custom_8d5aa4e2 iconpos_left style_default color_secondary align_left\"><div class=\"w-iconbox-icon\" style=\"font-size:22px;\"><i class=\"fas fa-phone-alt\"><\/i><\/div><div class=\"w-iconbox-meta\"><h5 class=\"w-iconbox-title\" style=\"font-size:18px;\">+370 610 02810<\/h5><div class=\"w-iconbox-text\"><p>CEO of UAB &#8220;Lietuvos \u017eirgynas&#8221; Felicija Kelmickait\u0117 tel. +370 690 05757<\/p>\n<p>Administration, tel.: +370 620 16657<\/p>\n<p>Riding services, tel.: +370 610 02810 [registration for riding is available Monday-Thursday from 8.00-17.00, Friday from 8.00-15.45, lunch break from 12.00-12.45]<\/p>\n<p>&#8220;Nemunas \u017eirgynas&#8221; department, deputy director &#8211; veterinarian Saulius Tarasauskas, tel.: +370 687 67725;<\/p>\n<p>K\u0119stutis Svilas, Head of the &#8220;Sartai Stud&#8221; Department, tel.: +370 699 88972;<\/p>\n<\/div><\/div><\/div><div class=\"w-iconbox us_custom_8d5aa4e2 iconpos_left style_default color_secondary align_left no_text\"><div class=\"w-iconbox-icon\" style=\"font-size:22px;\"><i class=\"fas fa-envelope\"><\/i><\/div><div class=\"w-iconbox-meta\"><h5 class=\"w-iconbox-title\" style=\"font-size:18px;\">info@lietuvoszirgynas.lt<\/h5><\/div><\/div><div class=\"w-iconbox iconpos_left style_default color_secondary align_left no_text\"><div class=\"w-iconbox-icon\" style=\"font-size:22px;\"><i class=\"fas fa-map-marker-check\"><\/i><\/div><div class=\"w-iconbox-meta\"><h5 class=\"w-iconbox-title\" style=\"font-size:18px;\">\u017dirg\u0173 g. 2, Rie\u0161\u0117 k., 14265, Lithuania<\/h5><\/div><\/div><\/div><\/div><div class=\"wpb_column vc_column_container\"><div class=\"vc_column-inner\"><div class=\"wpb_text_column\"><div class=\"wpb_wrapper\"><h2>U\u017eklausa<\/h2>\n<\/div><\/div>\n<div class=\"wpcf7 no-js\" id=\"wpcf7-f2181-o1\" lang=\"lt-LT\" dir=\"ltr\" data-wpcf7-id=\"2181\">\n<div class=\"screen-reader-response\"><p role=\"status\" aria-live=\"polite\" aria-atomic=\"true\"><\/p> <ul><\/ul><\/div>\n<form action=\"\/en\/wp-json\/wp\/v2\/pages\/2005#wpcf7-f2181-o1\" method=\"post\" class=\"wpcf7-form init\" aria-label=\"Kontakt\u0173 forma\" novalidate=\"novalidate\" data-status=\"init\">\n<fieldset class=\"hidden-fields-container\"><input type=\"hidden\" name=\"_wpcf7\" value=\"2181\" \/><input type=\"hidden\" name=\"_wpcf7_version\" value=\"6.1\" \/><input type=\"hidden\" name=\"_wpcf7_locale\" value=\"lt_LT\" \/><input type=\"hidden\" name=\"_wpcf7_unit_tag\" value=\"wpcf7-f2181-o1\" \/><input type=\"hidden\" name=\"_wpcf7_container_post\" value=\"0\" \/><input type=\"hidden\" name=\"_wpcf7_posted_data_hash\" value=\"\" \/><input type=\"hidden\" name=\"_wpcf7_recaptcha_response\" value=\"\" \/>\n<\/fieldset>\n<p><span class=\"wpcf7-form-control-wrap\" data-name=\"YourName\"><input size=\"40\" maxlength=\"400\" class=\"wpcf7-form-control wpcf7-text wpcf7-validates-as-required\" aria-required=\"true\" aria-invalid=\"false\" placeholder=\"Name\" value=\"\" type=\"text\" name=\"YourName\" \/><\/span><br \/>\n<span class=\"wpcf7-form-control-wrap\" data-name=\"YourEmail\"><input size=\"40\" maxlength=\"400\" class=\"wpcf7-form-control wpcf7-email wpcf7-validates-as-required wpcf7-text wpcf7-validates-as-email\" aria-required=\"true\" aria-invalid=\"false\" placeholder=\"Email\" value=\"\" type=\"email\" name=\"YourEmail\" \/><\/span><br \/>\n<span class=\"wpcf7-form-control-wrap\" data-name=\"PhoneNumber\"><input size=\"40\" maxlength=\"400\" class=\"wpcf7-form-control wpcf7-tel wpcf7-text wpcf7-validates-as-tel\" aria-invalid=\"false\" placeholder=\"Phone\" value=\"\" type=\"tel\" name=\"PhoneNumber\" \/><\/span><br \/>\n<span class=\"wpcf7-form-control-wrap\" data-name=\"message\"><textarea cols=\"40\" rows=\"10\" maxlength=\"2000\" class=\"wpcf7-form-control wpcf7-textarea wpcf7-validates-as-required\" aria-required=\"true\" aria-invalid=\"false\" placeholder=\"Message\" name=\"message\"><\/textarea><\/span>\n<\/p>\n<p><span style=\"font-size:15px;\"><span class=\"wpcf7-form-control-wrap\" data-name=\"privacy-policy\"><span class=\"wpcf7-form-control wpcf7-acceptance\"><span class=\"wpcf7-list-item\"><label><input type=\"checkbox\" name=\"privacy-policy\" value=\"1\" aria-invalid=\"false\" \/><span class=\"wpcf7-list-item-label\">I acknowledge that I have read and agree to the Privacy Policy<\/span><\/label><\/span><\/span><\/span><\/span><br \/>\n<span style=\"font-size:15px;\"><span class=\"wpcf7-form-control-wrap\" data-name=\"marketing-offer\"><span class=\"wpcf7-form-control wpcf7-acceptance\"><span class=\"wpcf7-list-item\"><label><input type=\"checkbox\" name=\"marketing-offer\" value=\"1\" aria-invalid=\"false\" \/><span class=\"wpcf7-list-item-label\">I agree to receive direct marketing offers.<\/span><\/label><\/span><\/span><\/span><\/span>\n<\/p>\n<p><input class=\"wpcf7-form-control wpcf7-submit has-spinner\" type=\"submit\" value=\"Send\" \/>\n<\/p><div class=\"wpcf7-response-output\" aria-hidden=\"true\"><\/div>\n<\/form>\n<\/div>\n<\/div><\/div><\/div><\/div><\/section>\n","protected":false},"excerpt":{"rendered":"ContactsUAB &#8220;Lietuvos \u017eirgynas&#8221; \u017dirg\u0173 g. 2, Riese k., 14265 Vilnius r. sav., Lithuania Opening hours of the administration: Mon-Thu: 8.00-17.00 Fri: 8.00-15.45 Closed on Saturday and Sunday. Company information; Company code; 302795881 VAT payable at. Code ; LT100006915819 A\/s; LT454010049501216890 AB Luminor bank +370 610 02810CEO of UAB \"Lietuvos \u017eirgynas\" Felicija Kelmickait\u0117 tel. +370 690...","protected":false},"author":1,"featured_media":0,"parent":0,"menu_order":0,"comment_status":"closed","ping_status":"closed","template":"","meta":{"footnotes":""},"class_list":["post-2005","page","type-page","status-publish","hentry"],"_links":{"self":[{"href":"https:\/\/lietuvoszirgynas.lt\/en\/wp-json\/wp\/v2\/pages\/2005","targetHints":{"allow":["GET"]}}],"collection":[{"href":"https:\/\/lietuvoszirgynas.lt\/en\/wp-json\/wp\/v2\/pages"}],"about":[{"href":"https:\/\/lietuvoszirgynas.lt\/en\/wp-json\/wp\/v2\/types\/page"}],"author":[{"embeddable":true,"href":"https:\/\/lietuvoszirgynas.lt\/en\/wp-json\/wp\/v2\/users\/1"}],"replies":[{"embeddable":true,"href":"https:\/\/lietuvoszirgynas.lt\/en\/wp-json\/wp\/v2\/comments?post=2005"}],"version-history":[{"count":4,"href":"https:\/\/lietuvoszirgynas.lt\/en\/wp-json\/wp\/v2\/pages\/2005\/revisions"}],"predecessor-version":[{"id":2252,"href":"https:\/\/lietuvoszirgynas.lt\/en\/wp-json\/wp\/v2\/pages\/2005\/revisions\/2252"}],"wp:attachment":[{"href":"https:\/\/lietuvoszirgynas.lt\/en\/wp-json\/wp\/v2\/media?parent=2005"}],"curies":[{"name":"wp","href":"https:\/\/api.w.org\/{rel}","templated":true}]}}