{"id":1996,"date":"2022-02-24T15:56:31","date_gmt":"2022-02-24T12:56:31","guid":{"rendered":"https:\/\/lietuvoszirgynas.lt\/dokumentai\/"},"modified":"2024-04-15T10:54:55","modified_gmt":"2024-04-15T07:54:55","slug":"documents","status":"publish","type":"page","link":"https:\/\/lietuvoszirgynas.lt\/en\/activity\/documents\/","title":{"rendered":"Documents"},"content":{"rendered":"<section class=\"l-section wpb_row height_medium\"><div class=\"l-section-h i-cf\"><div class=\"g-cols vc_row via_grid cols_1 laptops-cols_inherit tablets-cols_inherit mobiles-cols_1 valign_top type_default stacking_default\"><div class=\"wpb_column vc_column_container\"><div class=\"vc_column-inner\"><div class=\"wpb_text_column\"><div class=\"wpb_wrapper\"><p><span style=\"colour: #1a1a1a;\"><strong>Documents of UAB &#8220;LIETUVOS \u017dIRGYNAS&#8221;:<\/strong><\/span><\/p>\n<p>Announcement of the selection of independent members of the Board of Directors of UAB Lietuvos \u017dirgynas for 2024 (valid until 14\/03\/2024)<br \/>\n<a href=\"https:\/\/lietuvoszirgynas.lt\/wp-content\/uploads\/Atrankos-skelbimas-NVN_UAB-LZ.docx\">Advertisement for NVN_(UAB L\u017d)<\/a><\/p>\n<p><a href=\"https:\/\/lietuvoszirgynas.lt\/wp-content\/uploads\/2023-m.-UAB-Lietuvos-zirgynas-aiskinamasis-rastas-6-menesiai.pdf\">Lithuanian Horse Guidance Note for UAB Lietuvos \u017eirgynas for 2023 (6 months)<\/a>.<\/p>\n<p><a href=\"https:\/\/lietuvoszirgynas.lt\/wp-content\/uploads\/UAB-Lietuvos-zirgynas-2022-m.-metiniu-finansiniu-ataskaitu-rinkinio-aiskinamasis-rastas.pdf\">Note on the annual financial statements of UAB Lietuvos \u017eirgynas for 2022<\/a><\/p>\n<p><a href=\"https:\/\/lietuvoszirgynas.lt\/wp-content\/uploads\/UAB-Lietuvos-zirgynas-Balansas.-2022-12-31-d.pdf\">31-12-2022 UAB Lietuvos \u017eirgynas Balance sheet. <\/a><\/p>\n<p><a href=\"https:\/\/lietuvoszirgynas.lt\/wp-content\/uploads\/2022-m.-9-menesiu-aiskinamasis-rastas..pdf\">2022 UAB Lietuvos \u017eirgynas notes (9 months)<\/a><\/p>\n<p><a href=\"https:\/\/lietuvoszirgynas.lt\/wp-content\/uploads\/UAB-Lietuvos-zirgynas.-Aiskinamasis-rastas-2021-12-31-d..pdf\">31\/12\/2021 UAB Lietuvos \u017eirgynas. Explanatory note <\/a><\/p>\n<p><a href=\"https:\/\/lietuvoszirgynas.lt\/wp-content\/uploads\/UAB-Lietuvos-zirgynas.-Balansas-2021-12-31-d..pdf\">31\/12\/2021 Lietuvos \u017eirgynas UAB. Balance sheet <\/a><\/p>\n<p><a href=\"https:\/\/lietuvoszirgynas.lt\/wp-content\/uploads\/UAB-Lietuvos-zirgynas-istatai.-2021-07-23.pdf\">Lithuanian Horse Breeding Association Articles of Association. 2021-07-23;<\/a><\/p>\n<p>&nbsp;<\/p>\n<p><span style=\"colour: #1a1a1a;\">OTHER DOCUMENTS:<\/span><\/p>\n<p><a href=\"https:\/\/lietuvoszirgynas.lt\/wp-content\/uploads\/VE-29-Isakymas-del-UAB-Lietuvos-zirgynas-zirgu-pardavimo-tvarkos_-2023-11-03-1.pdf\"> VE-29 Order on the procedure for the sale of horses of UAB Lietuvos \u017eirgynas. 2023-11-03<\/a><a href=\"https:\/\/lietuvoszirgynas.lt\/wp-content\/uploads\/UAB-Lietuvos-zirgynas-direktoriaus-Isakymas-del-organizuojamu-elektroniniu-aukcionu-tvarkos-apraso- plus-priedas-2023-06-01.pdf\">.<\/a><\/p>\n<p><a href=\"https:\/\/lietuvoszirgynas.lt\/wp-content\/uploads\/UAB-Lietuvos-zirgynas-direktoriaus-Isakymas-del-organizuojamu-elektroniniu-aukcionu-tvarkos-apraso-plius-priedas-2023-06-01 .pdf\">Order on the description of the procedure for electronic auctions (plus annex). 2023-06-01<\/a><\/p>\n<\/div><\/div><\/div><\/div><\/div><\/div><\/section>\n","protected":false},"excerpt":{"rendered":"Documents of UAB &#8220;LIETUVOS \u017dIRGYNAS&#8221;: Announcement of the selection of independent members of the Board of Directors of UAB Lietuvos \u017dirgynas for 2024 (valid until 14\/03\/2024) Advertisement for NVN_(UAB L\u017d) Lithuanian Horse Guidance Note for UAB Lietuvos \u017eirgynas for 2023 (6 months). Note on the annual financial statements of UAB Lietuvos \u017eirgynas for 2022 31-12-2022...","protected":false},"author":1,"featured_media":0,"parent":1999,"menu_order":0,"comment_status":"closed","ping_status":"closed","template":"","meta":{"footnotes":""},"class_list":["post-1996","page","type-page","status-publish","hentry"],"_links":{"self":[{"href":"https:\/\/lietuvoszirgynas.lt\/en\/wp-json\/wp\/v2\/pages\/1996","targetHints":{"allow":["GET"]}}],"collection":[{"href":"https:\/\/lietuvoszirgynas.lt\/en\/wp-json\/wp\/v2\/pages"}],"about":[{"href":"https:\/\/lietuvoszirgynas.lt\/en\/wp-json\/wp\/v2\/types\/page"}],"author":[{"embeddable":true,"href":"https:\/\/lietuvoszirgynas.lt\/en\/wp-json\/wp\/v2\/users\/1"}],"replies":[{"embeddable":true,"href":"https:\/\/lietuvoszirgynas.lt\/en\/wp-json\/wp\/v2\/comments?post=1996"}],"version-history":[{"count":2,"href":"https:\/\/lietuvoszirgynas.lt\/en\/wp-json\/wp\/v2\/pages\/1996\/revisions"}],"predecessor-version":[{"id":2196,"href":"https:\/\/lietuvoszirgynas.lt\/en\/wp-json\/wp\/v2\/pages\/1996\/revisions\/2196"}],"up":[{"embeddable":true,"href":"https:\/\/lietuvoszirgynas.lt\/en\/wp-json\/wp\/v2\/pages\/1999"}],"wp:attachment":[{"href":"https:\/\/lietuvoszirgynas.lt\/en\/wp-json\/wp\/v2\/media?parent=1996"}],"curies":[{"name":"wp","href":"https:\/\/api.w.org\/{rel}","templated":true}]}}