{"id":1988,"date":"2023-11-24T13:41:47","date_gmt":"2023-11-24T10:41:47","guid":{"rendered":"https:\/\/lietuvoszirgynas.lt\/naujienos\/"},"modified":"2024-04-15T10:48:07","modified_gmt":"2024-04-15T07:48:07","slug":"news","status":"publish","type":"page","link":"https:\/\/lietuvoszirgynas.lt\/en\/news\/","title":{"rendered":"News"},"content":{"rendered":"<section class=\"l-section wpb_row height_medium with_img\"><div class=\"l-section-img\" role=\"img\" data-img-width=\"2560\" data-img-height=\"1696\" style=\"background-image: url(https:\/\/lietuvoszirgynas.lt\/wp-content\/uploads\/jacob-jolibois-_CZYN3UN544-unsplash-scaled.jpg);\"><\/div><div class=\"l-section-overlay\" style=\"background:linear-gradient(90deg,#ffffff,rgba(255,255,255,0.78466796875))\"><\/div><div class=\"l-section-h i-cf\"><div class=\"g-cols vc_row via_grid cols_1 laptops-cols_inherit tablets-cols_inherit mobiles-cols_1 valign_top type_default stacking_default\"><div class=\"wpb_column vc_column_container\"><div class=\"vc_column-inner\"><h2 class=\"w-post-elm post_title us_custom_312c0acf has_text_color entry-title color_link_inherit\">News<\/h2><\/div><\/div><\/div><\/div><\/section><section class=\"l-section wpb_row height_medium\"><div class=\"l-section-h i-cf\"><div class=\"g-cols vc_row via_grid cols_1 laptops-cols_inherit tablets-cols_inherit mobiles-cols_1 valign_top type_default stacking_default\"><div class=\"wpb_column vc_column_container\"><div class=\"vc_column-inner\"><div class=\"w-grid type_grid layout_text_card cols_3\" id=\"us_grid_1\" style=\"--gap:1.5rem;\" data-filterable=\"true\"><style>@media (max-width:1024px){#us_grid_1 .w-grid-item{width:50%}}@media (max-width:600px){#us_grid_1 .w-grid-list{margin:0}#us_grid_1 .w-grid-item{width:100%;padding:0;margin-bottom:var(--gap,0px)}}.layout_text_card .w-grid-item-h{border-radius:0.3rem;box-shadow:0 0rem 0rem rgba(0,0,0,0.1),0 0rem 0rem rgba(0,0,0,0.1);transition-duration:0.3s}.no-touch .layout_text_card .w-grid-item-h:hover{box-shadow:0 0.2rem 0.4rem rgba(0,0,0,0.1),0 0.67rem 2rem rgba(0,0,0,0.15);z-index:4}.layout_text_card .usg_vwrapper_1{transition-duration:0.3s;transform-origin:50% 50%;transform:scale(1) translate(0%,0%)}.layout_text_card .w-grid-item-h:hover .usg_vwrapper_1{transform:scale(1) translate(0%,0%);opacity:1;border-color:transparent!important}.layout_text_card .usg_vwrapper_1{border-radius:0.3rem!important;padding:10%!important;border:1px solid var(--color-content-border)!important}.layout_text_card .usg_post_title_1{font-weight:700!important;font-size:1.1rem!important}.layout_text_card .usg_post_taxonomy_1{font-weight:700!important;text-transform:uppercase!important;font-size:14px!important}.layout_text_card .usg_post_date_1{font-size:14px!important}@media (min-width:1025px) and (max-width:1280px){.layout_text_card .usg_vwrapper_1{border-radius:0.3rem!important;padding:10%!important;border:1px solid var(--color-content-border)!important}.layout_text_card .usg_post_title_1{font-weight:700!important;font-size:1.1rem!important}.layout_text_card .usg_post_taxonomy_1{font-weight:700!important;text-transform:uppercase!important;font-size:14px!important}.layout_text_card .usg_post_date_1{font-size:14px!important}}@media (min-width:601px) and (max-width:1024px){.layout_text_card .usg_vwrapper_1{border-radius:0.3rem!important;padding:10%!important;border:1px solid var(--color-content-border)!important}.layout_text_card .usg_post_title_1{font-weight:700!important;font-size:1.1rem!important}.layout_text_card .usg_post_taxonomy_1{font-weight:700!important;text-transform:uppercase!important;font-size:14px!important}.layout_text_card .usg_post_date_1{font-size:14px!important}}@media (max-width:600px){.layout_text_card .usg_vwrapper_1{border-radius:0.3rem!important;padding:10%!important;border:1px solid var(--color-content-border)!important}.layout_text_card .usg_post_title_1{font-weight:700!important;font-size:1.1rem!important}.layout_text_card .usg_post_taxonomy_1{font-weight:700!important;text-transform:uppercase!important;font-size:14px!important}.layout_text_card .usg_post_date_1{font-size:14px!important}}<\/style><div class=\"w-grid-list\">\t<article class=\"w-grid-item size_1x1 post-2289 post type-post status-publish format-standard has-post-thumbnail hentry category-uncategorized\" data-id=\"2289\">\r\n\t\t<div class=\"w-grid-item-h\">\r\n\t\t\t\t\t\t<div class=\"w-vwrapper usg_vwrapper_1 align_none valign_top\" style=\"--vwrapper-gap:0.5rem\"><div class=\"w-post-elm post_taxonomy usg_post_taxonomy_1 style_simple\"><a class=\"term-35 term-uncategorized\" href=\"https:\/\/lietuvoszirgynas.lt\/en\/category\/uncategorized\/\">Uncategorized<\/a><\/div><h2 class=\"w-post-elm post_title usg_post_title_1 entry-title color_link_inherit\"><a href=\"https:\/\/lietuvoszirgynas.lt\/en\/april-27-in-veisiejai\/\">April 27 in Veisiejai<\/a><\/h2><time class=\"w-post-elm post_date usg_post_date_1 entry-date published\" datetime=\"2024-04-24T13:09:26+03:00\" title=\"24 April 2024 at 13:09:26 +03:00\">2024-04-24<\/time><\/div>\t\t<\/div>\r\n\t<\/article>\r\n\t<article class=\"w-grid-item size_1x1 post-2210 post type-post status-publish format-standard hentry category-uncategorized\" data-id=\"2210\">\r\n\t\t<div class=\"w-grid-item-h\">\r\n\t\t\t\t\t\t<div class=\"w-vwrapper usg_vwrapper_1 align_none valign_top\" style=\"--vwrapper-gap:0.5rem\"><div class=\"w-post-elm post_taxonomy usg_post_taxonomy_1 style_simple\"><a class=\"term-35 term-uncategorized\" href=\"https:\/\/lietuvoszirgynas.lt\/en\/category\/uncategorized\/\">Uncategorized<\/a><\/div><h2 class=\"w-post-elm post_title usg_post_title_1 entry-title color_link_inherit\"><a href=\"https:\/\/lietuvoszirgynas.lt\/en\/uab-lietuvos-zirgynas-nepriklausomu-valdybos-nariu-atrankos-skelbimas-skelbimas-galioja-iki-2024-03-14-d\/\">Announcement of the selection of independent board members of UAB &#8220;Lietuvos \u017dirgynas&#8221; (the announcement is valid until 03\/14\/2024)<\/a><\/h2><time class=\"w-post-elm post_date usg_post_date_1 entry-date published\" datetime=\"2024-02-21T18:20:46+03:00\" title=\"21 February 2024 at 18:20:46 +03:00\">2024-02-21<\/time><\/div>\t\t<\/div>\r\n\t<\/article>\r\n\t<article class=\"w-grid-item size_1x1 post-2207 post type-post status-publish format-standard has-post-thumbnail hentry category-uncategorized\" data-id=\"2207\">\r\n\t\t<div class=\"w-grid-item-h\">\r\n\t\t\t\t\t\t<div class=\"w-vwrapper usg_vwrapper_1 align_none valign_top\" style=\"--vwrapper-gap:0.5rem\"><div class=\"w-post-elm post_taxonomy usg_post_taxonomy_1 style_simple\"><a class=\"term-35 term-uncategorized\" href=\"https:\/\/lietuvoszirgynas.lt\/en\/category\/uncategorized\/\">Uncategorized<\/a><\/div><h2 class=\"w-post-elm post_title usg_post_title_1 entry-title color_link_inherit\"><a href=\"https:\/\/lietuvoszirgynas.lt\/en\/sartai-2024\/\">Sartai 2024<\/a><\/h2><time class=\"w-post-elm post_date usg_post_date_1 entry-date published\" datetime=\"2024-02-08T12:41:22+03:00\" title=\"8 February 2024 at 12:41:22 +03:00\">2024-02-08<\/time><\/div>\t\t<\/div>\r\n\t<\/article>\r\n<\/div><div class=\"w-grid-preloader\">\t<div class=\"g-preloader type_1\">\r\n\t\t<div><\/div>\r\n\t<\/div>\r\n\t<\/div>\t<div class=\"w-grid-json hidden\" onclick='return {&quot;action&quot;:&quot;us_ajax_grid&quot;,&quot;ajax_url&quot;:&quot;https:\\\/\\\/lietuvoszirgynas.lt\\\/wp-admin\\\/admin-ajax.php&quot;,&quot;infinite_scroll&quot;:0,&quot;max_num_pages&quot;:1,&quot;pagination&quot;:&quot;none&quot;,&quot;template_vars&quot;:{&quot;columns&quot;:&quot;3&quot;,&quot;exclude_items&quot;:&quot;none&quot;,&quot;img_size&quot;:&quot;default&quot;,&quot;ignore_items_size&quot;:0,&quot;items_layout&quot;:&quot;text_card&quot;,&quot;items_offset&quot;:&quot;1&quot;,&quot;load_animation&quot;:&quot;none&quot;,&quot;overriding_link&quot;:&quot;%7B%22url%22%3A%22%22%7D&quot;,&quot;post_id&quot;:0,&quot;query_args&quot;:{&quot;post_type&quot;:[&quot;post&quot;],&quot;tax_query&quot;:[{&quot;taxonomy&quot;:&quot;category&quot;,&quot;field&quot;:&quot;slug&quot;,&quot;terms&quot;:[&quot;naujienos&quot;]}],&quot;post_status&quot;:[&quot;publish&quot;],&quot;posts_per_page&quot;:&quot;50&quot;},&quot;orderby_query_args&quot;:{&quot;orderby&quot;:{&quot;date&quot;:&quot;DESC&quot;}},&quot;type&quot;:&quot;grid&quot;,&quot;us_grid_ajax_index&quot;:1,&quot;us_grid_filter_params&quot;:[],&quot;us_grid_index&quot;:1,&quot;_us_grid_post_type&quot;:&quot;post&quot;,&quot;page_args&quot;:[],&quot;lang&quot;:&quot;en&quot;}}'><\/div>\r\n\t<\/div><\/div><\/div><\/div><\/div><\/section>\n","protected":false},"excerpt":{"rendered":"Sartai 2024 has happened! A big thank you to the \"Sart\u0173 filialas\" team, who prepared the ice rope and contributed a lot to make the competition \"Rist\u016bn\u0173 zirg\u0173 competition on the ice track 2024\" happen! Also, the biggest congratulations to Antanas Ju\u0161k\u0117nas for winning 1st place with the horse Eruption Cass, and 3rd place with...","protected":false},"author":1,"featured_media":0,"parent":0,"menu_order":0,"comment_status":"closed","ping_status":"closed","template":"","meta":{"footnotes":""},"class_list":["post-1988","page","type-page","status-publish","hentry"],"_links":{"self":[{"href":"https:\/\/lietuvoszirgynas.lt\/en\/wp-json\/wp\/v2\/pages\/1988","targetHints":{"allow":["GET"]}}],"collection":[{"href":"https:\/\/lietuvoszirgynas.lt\/en\/wp-json\/wp\/v2\/pages"}],"about":[{"href":"https:\/\/lietuvoszirgynas.lt\/en\/wp-json\/wp\/v2\/types\/page"}],"author":[{"embeddable":true,"href":"https:\/\/lietuvoszirgynas.lt\/en\/wp-json\/wp\/v2\/users\/1"}],"replies":[{"embeddable":true,"href":"https:\/\/lietuvoszirgynas.lt\/en\/wp-json\/wp\/v2\/comments?post=1988"}],"version-history":[{"count":1,"href":"https:\/\/lietuvoszirgynas.lt\/en\/wp-json\/wp\/v2\/pages\/1988\/revisions"}],"predecessor-version":[{"id":2185,"href":"https:\/\/lietuvoszirgynas.lt\/en\/wp-json\/wp\/v2\/pages\/1988\/revisions\/2185"}],"wp:attachment":[{"href":"https:\/\/lietuvoszirgynas.lt\/en\/wp-json\/wp\/v2\/media?parent=1988"}],"curies":[{"name":"wp","href":"https:\/\/api.w.org\/{rel}","templated":true}]}}